{"id":5598,"date":"2023-12-14T11:15:22","date_gmt":"2023-12-14T10:15:22","guid":{"rendered":"https:\/\/www.metrica-global.com\/politica-de-cookies\/"},"modified":"2025-07-29T13:24:55","modified_gmt":"2025-07-29T11:24:55","slug":"politica-de-cookies","status":"publish","type":"page","link":"https:\/\/www.metrica-global.com\/cl\/politica-de-cookies\/","title":{"rendered":"Pol\u00edtica de cookies"},"content":{"rendered":"\t\t<div data-elementor-type=\"wp-page\" data-elementor-id=\"5598\" class=\"elementor elementor-5598 elementor-31\" data-elementor-post-type=\"page\">\n\t\t\t\t<div class=\"elementor-element elementor-element-17775db e-flex e-con-boxed e-con e-parent\" data-id=\"17775db\" data-element_type=\"container\">\n\t\t\t\t\t<div class=\"e-con-inner\">\n\t\t\t\t<div class=\"elementor-element elementor-element-0d4b601 elementor-widget elementor-widget-heading\" data-id=\"0d4b601\" data-element_type=\"widget\" data-widget_type=\"heading.default\">\n\t\t\t\t<div class=\"elementor-widget-container\">\n\t\t\t\t\t<h1 class=\"elementor-heading-title elementor-size-default\">Pol\u00edtica de cookies<\/h1>\t\t\t\t<\/div>\n\t\t\t\t<\/div>\n\t\t\t\t<div class=\"elementor-element elementor-element-d1029b7 elementor-widget elementor-widget-text-editor\" data-id=\"d1029b7\" data-element_type=\"widget\" data-widget_type=\"text-editor.default\">\n\t\t\t\t<div class=\"elementor-widget-container\">\n\t\t\t\t\t\t\t\t\t<p><strong>\u00bfQu\u00e9 son la cookies?<\/strong><\/p>\n<p>Una cookie es un fichero que se descarga en tu ordenador al acceder a determinadas p\u00e1ginas web. Las cookies permiten a una p\u00e1gina web, entre otras cosas, almacenar informaci\u00f3n de car\u00e1cter t\u00e9cnico, preferencias personales, personalizaci\u00f3n de contenidos, estad\u00edsticas de uso, enlaces a redes sociales, acceso a cuentas de usuario, conocer h\u00e1bitos de navegaci\u00f3n del usuario y del equipo, etc.&nbsp;<\/p>\n<p>El objetivo de la cookie es adaptar el contenido de la web a tu perfil y necesidades. M\u00c9TRICA ANDINA SAC. usa en su p\u00e1gina cookies propias y de terceros para gestionar sesiones de usuarios registrados, analizar las visitas y el tr\u00e1fico web, y compartir contenidos en redes sociales.&nbsp;<\/p>\n<p>La navegaci\u00f3n por la web implica el consentimiento del usuario para su recogida y tratamiento conforme a lo anterior. M\u00c9TRICA ANDINA SAC. usa en su p\u00e1gina web las siguientes cookies:<\/p>\n<p><\/p>\n<p><strong><u><br><\/u><\/strong><\/p><p><strong><u>Cookies propias<\/u><\/strong><\/p>\n<p><strong>PHPSESSID&nbsp;<\/strong><\/p>\n<p>La cookie PHPSESSID es nativa de PHP y permite a los sitios web almacenar datos de estado serializados. En el sitio web se utiliza para establecer una sesi\u00f3n de usuario y para pasar los datos de estado a trav\u00e9s de una cookie temporal, que se conoce com\u00fanmente como una cookie de sesi\u00f3n. Estas Cookies solo permanecer\u00e1n en su equipo hasta que cierre el navegador.<\/p>\n<p><strong>FRONTEND<\/strong><\/p>\n<p>Estas cookies se utilizan para poder personalizar la portada de la web<\/p>\n<p><\/p>\n<p><strong><u><br><\/u><\/strong><\/p><p><strong><u>Cookies de terceros<\/u><\/strong><\/p>\n<p><strong>METRICA<\/strong>&nbsp;no se hace responsable ni controla el uso de cookies por parte terceros.<\/p>\n<p><strong><br><\/strong><\/p><p><strong>Google Analytics (__utma, __utmb, __utmc, __utmz, _ga):<\/strong><\/p>\n<p>Estas cookies se utilizan para recoger informaci\u00f3n sobre el uso de nuestro sitio web por parte de los visitantes. Utilizamos la informaci\u00f3n para elaborar informes y para mejorar el sitio. Las cookies recopilan informaci\u00f3n de forma an\u00f3nima, que incluye el n\u00famero de visitantes al sitio, el lugar de procedencia al sitio de los visitantes y las p\u00e1ginas visitadas. M\u00e1s informaci\u00f3n en Tipos de cookies que utiliza Google Tipos de cookies que utiliza Google Analytics<\/p>\n<p><strong><br><\/strong><\/p><p><strong>Twitter Social Plugins (__utma, __utmb, __utmc, __utmz, _twitter_sess, external_sess, guest_id, tz_offset_set):<\/strong><\/p>\n<p>Permiten al usuario compartir contenidos de su inter\u00e9s con su c\u00edrculo social. Las cookies utilizadas por redes sociales evitan que el usuario tenga que introducir nuevamente sus datos para compartir dichos contenidos. Dichos botones no tienen acceso a los datos introducidos por los usuarios al compartir un contenido en una red social. M\u00e1s informaci\u00f3n en Pol\u00edtica de Protecci\u00f3n de Datos de Twitter.<\/p>\n<p><strong><br><\/strong><\/p><p><strong>Google Plus Social Plugins (NID,PREF):<\/strong><\/p>\n<p>Permiten al usuario compartir contenidos de su inter\u00e9s con su c\u00edrculo social. Las cookies utilizadas por redes sociales evitan que el usuario tenga que introducir nuevamente sus datos para compartir dichos contenidos. Dichos botones no tienen acceso a los datos introducidos por los usuarios al compartir un contenido en una red social. M\u00e1s informaci\u00f3n en Tipos de cookies que utiliza Google.<\/p>\n<p><strong><br><\/strong><\/p><p><strong>Facebook Social Plugins (datr, reg_ext_ref, reg_fb_gate, reg_fb_ref, wd):<\/strong><\/p>\n<p>Permiten al usuario compartir contenidos de su inter\u00e9s con su c\u00edrculo social. Las cookies utilizadas por redes sociales evitan que el usuario tenga que introducir nuevamente sus datos para compartir dichos contenidos. Dichos botones no tienen acceso a los datos introducidos por los usuarios al compartir un contenido en una red social. M\u00e1s informaci\u00f3n en Cookies, p\u00edxeles y otras tecnolog\u00edas similares de Facebook<\/p>\n<p><strong><br><\/strong><\/p><p><strong>Adsense(id, _drt_, FLC, NID):<\/strong><\/p>\n<p>Estas cookies se utilizan para saber c\u00f3mo acceden las personas a nuestras campa\u00f1as de publicidad digital. Nos permiten conocer y evaluar los clics en nuestra publicidad para poder mejorar el servicio que usted recibe. M\u00e1s informaci\u00f3n en Tipos de cookies que utiliza Google.<\/p>\n<p><strong><br><\/strong><\/p><p><strong>Youtube(ACTIVITY, APISID, HSID, LOGIN_INFO, PREF, SID, VISITOR_INFO1_LIVE, YSC, demographics, dkv):<\/strong><\/p>\n<p>Se utiliza YouTube para ofrecer v\u00eddeos \u00fatiles o v\u00eddeos informativos. Youtube almacena informaci\u00f3n para poder generar estad\u00edsticas sobre las visitas de videos incrustados en otras p\u00e1ginas. M\u00e1s informaci\u00f3n en Tipos de cookies que utiliza Google.<\/p>\n<p><strong><br><\/strong><\/p><p><strong>Google Maps (APISID, HSID, NID, PREF, S, SAPISID, SID, SSID, S_awfe, khcookie):<\/strong><\/p>\n<p>Mostrar d\u00f3nde se encuentran las oficinas de nuestros diferentes servicios mediante Google Maps. M\u00e1s informaci\u00f3n en Tipos de cookies que utiliza Google.<\/p>\n<p><\/p>\n<p>Las cookies te ofrecen la posibilidad de aprovechar muchas de las funciones esenciales de nuestra web. Por todo ello, hay determinadas cookies que no podr\u00e1s eliminar si deseas realizar determinadas acciones o quieres que M\u00c9TRICA ANDINA SAC.&nbsp;te preste un servicio concreto.<\/p>\n<p>Revocaci\u00f3n y eliminaci\u00f3n de cookies Puedes permitir, bloquear o eliminar las cookies instaladas en tu equipo mediante la configuraci\u00f3n de las opciones del navegador instalado en tu ordenador. En el caso de que no permitas la instalaci\u00f3n de cookies en tu navegador es posible que no puedas acceder a alguna de las secciones de nuestras web no pudiendo acceder a todas la funcionalidades de la misma.<\/p>\n<p>La desactivaci\u00f3n y\/o eliminaci\u00f3n de las cookies se realiza de forma diferente en funci\u00f3n del navegador que utilice. Para m\u00e1s informaci\u00f3n sobre como bloquear el uso de la cookies puedes visitar los siguientes enlaces:<\/p>\n<ul>\n<li>Internet Explorer: Herramientas -&gt; Opciones de Internet -&gt; Privacidad -&gt; Configuraci\u00f3n. Para m\u00e1s informaci\u00f3n, puede consultar el soporte de Microsoft o la Ayuda del navegador.<\/li>\n<li>Firefox: Configuraci\u00f3n -&gt; Privacidad -&gt; Historial Para m\u00e1s informaci\u00f3n, puede consultar el soporte de Mozilla o la Ayuda del navegador.<\/li>\n<li>Chrome: Configuraci\u00f3n -&gt; Mostrar opciones avanzadas -&gt; Privacidad -&gt; Configuraci\u00f3n de contenidos. Para m\u00e1s informaci\u00f3n, puede consultar el soporte de Google o la Ayuda del navegador.<\/li>\n<li>Safari: Preferencias -&gt; Privacidad. Para m\u00e1s informaci\u00f3n, puede consultar el soporte de Apple o la Ayuda del navegador.<\/li>\n<li>Para acceder a la configuraci\u00f3n de cookies del navegador para dispositivos Android siga estos pasos (pueden variar en funci\u00f3n de la versi\u00f3n del navegador): Ejecute el navegador y pulse la tecla Men\u00fa -&gt; Ajustes. Vaya a Seguridad y Privacidad -&gt;n Aceptar cookies para que active o desactive la casilla.<\/li>\n<li>Para acceder a la configuraci\u00f3n de cookies del navegador para dispositivos Windows Phone siga estos pasos (pueden variar en funci\u00f3n de la versi\u00f3n del navegador): Abra Internet Explorer -&gt; M\u00e1s -&gt; Configuraci\u00f3n Ahora puede activar o desactivar la casilla Permitir cookies.<\/li>\n<\/ul>\n<p><strong><br><\/strong><\/p><p><strong>Cambios en las pol\u00edticas de protecci\u00f3n de datos y de Cookies<\/strong><\/p>\n<p>Cuando se produzcan cambios significativos en esta Pol\u00edtica de Cookies se comunicar\u00e1 al usuario mediante un aviso informativo en la p\u00e1gina web. Si desea m\u00e1s informaci\u00f3n sobre qu\u00e9 uso hacemos de las Cookies, puede enviarnos un e-mail a&nbsp;<a href=\"mailto:rrhh@www.metrica.es\">rrhh@www.metrica.es<\/a><\/p>\t\t\t\t\t\t\t\t<\/div>\n\t\t\t\t<\/div>\n\t\t\t\t\t<\/div>\n\t\t\t\t<\/div>\n\t\t\t\t<\/div>\n\t\t","protected":false},"excerpt":{"rendered":"<p>Pol\u00edtica de cookies \u00bfQu\u00e9 son la cookies? Una cookie es un fichero que se descarga en tu ordenador al acceder a determinadas p\u00e1ginas web. Las cookies permiten a una p\u00e1gina web, entre otras cosas, almacenar informaci\u00f3n de car\u00e1cter t\u00e9cnico, preferencias personales, personalizaci\u00f3n de contenidos, estad\u00edsticas de uso, enlaces a redes sociales, acceso a cuentas de [&hellip;]<\/p>\n","protected":false},"author":1,"featured_media":0,"parent":0,"menu_order":0,"comment_status":"closed","ping_status":"closed","template":"elementor_header_footer","meta":{"content-type":"","footnotes":""},"class_list":["post-5598","page","type-page","status-publish","hentry"],"yoast_head":"<!-- This site is optimized with the Yoast SEO plugin v25.9 - https:\/\/yoast.com\/wordpress\/plugins\/seo\/ -->\n<title>Pol\u00edtica de cookies - METRICA<\/title>\n<meta name=\"robots\" content=\"index, follow, max-snippet:-1, max-image-preview:large, max-video-preview:-1\" \/>\n<link rel=\"canonical\" href=\"https:\/\/www.metrica-global.com\/cl\/politica-de-cookies\/\" \/>\n<meta property=\"og:locale\" content=\"es_ES\" \/>\n<meta property=\"og:type\" content=\"article\" \/>\n<meta property=\"og:title\" content=\"Pol\u00edtica de cookies - METRICA\" \/>\n<meta property=\"og:description\" content=\"Pol\u00edtica de cookies \u00bfQu\u00e9 son la cookies? Una cookie es un fichero que se descarga en tu ordenador al acceder a determinadas p\u00e1ginas web. Las cookies permiten a una p\u00e1gina web, entre otras cosas, almacenar informaci\u00f3n de car\u00e1cter t\u00e9cnico, preferencias personales, personalizaci\u00f3n de contenidos, estad\u00edsticas de uso, enlaces a redes sociales, acceso a cuentas de [&hellip;]\" \/>\n<meta property=\"og:url\" content=\"https:\/\/www.metrica-global.com\/cl\/politica-de-cookies\/\" \/>\n<meta property=\"og:site_name\" content=\"METRICA\" \/>\n<meta property=\"article:modified_time\" content=\"2025-07-29T11:24:55+00:00\" \/>\n<meta name=\"twitter:card\" content=\"summary_large_image\" \/>\n<meta name=\"twitter:label1\" content=\"Est. reading time\" \/>\n\t<meta name=\"twitter:data1\" content=\"5 minutes\" \/>\n<script type=\"application\/ld+json\" class=\"yoast-schema-graph\">{\"@context\":\"https:\/\/schema.org\",\"@graph\":[{\"@type\":\"WebPage\",\"@id\":\"https:\/\/www.metrica-global.com\/cl\/politica-de-cookies\/\",\"url\":\"https:\/\/www.metrica-global.com\/cl\/politica-de-cookies\/\",\"name\":\"Pol\u00edtica de cookies - METRICA\",\"isPartOf\":{\"@id\":\"https:\/\/www.metrica-global.com\/#website\"},\"datePublished\":\"2023-12-14T10:15:22+00:00\",\"dateModified\":\"2025-07-29T11:24:55+00:00\",\"breadcrumb\":{\"@id\":\"https:\/\/www.metrica-global.com\/cl\/politica-de-cookies\/#breadcrumb\"},\"inLanguage\":\"es-CL\",\"potentialAction\":[{\"@type\":\"ReadAction\",\"target\":[\"https:\/\/www.metrica-global.com\/cl\/politica-de-cookies\/\"]}]},{\"@type\":\"BreadcrumbList\",\"@id\":\"https:\/\/www.metrica-global.com\/cl\/politica-de-cookies\/#breadcrumb\",\"itemListElement\":[{\"@type\":\"ListItem\",\"position\":1,\"name\":\"Portada\",\"item\":\"https:\/\/www.metrica-global.com\/pt\/\"},{\"@type\":\"ListItem\",\"position\":2,\"name\":\"Pol\u00edtica de cookies\"}]},{\"@type\":\"WebSite\",\"@id\":\"https:\/\/www.metrica-global.com\/#website\",\"url\":\"https:\/\/www.metrica-global.com\/\",\"name\":\"METRICA\",\"description\":\"Servicios Globales IT\",\"publisher\":{\"@id\":\"https:\/\/www.metrica-global.com\/#organization\"},\"potentialAction\":[{\"@type\":\"SearchAction\",\"target\":{\"@type\":\"EntryPoint\",\"urlTemplate\":\"https:\/\/www.metrica-global.com\/?s={search_term_string}\"},\"query-input\":{\"@type\":\"PropertyValueSpecification\",\"valueRequired\":true,\"valueName\":\"search_term_string\"}}],\"inLanguage\":\"es-CL\"},{\"@type\":\"Organization\",\"@id\":\"https:\/\/www.metrica-global.com\/#organization\",\"name\":\"METRICA\",\"url\":\"https:\/\/www.metrica-global.com\/\",\"logo\":{\"@type\":\"ImageObject\",\"inLanguage\":\"es-CL\",\"@id\":\"https:\/\/www.metrica-global.com\/#\/schema\/logo\/image\/\",\"url\":\"https:\/\/www.metrica-global.com\/wp-content\/uploads\/2023\/12\/logo-metrica.png\",\"contentUrl\":\"https:\/\/www.metrica-global.com\/wp-content\/uploads\/2023\/12\/logo-metrica.png\",\"width\":332,\"height\":58,\"caption\":\"METRICA\"},\"image\":{\"@id\":\"https:\/\/www.metrica-global.com\/#\/schema\/logo\/image\/\"}}]}<\/script>\n<!-- \/ Yoast SEO plugin. -->","yoast_head_json":{"title":"Pol\u00edtica de cookies - METRICA","robots":{"index":"index","follow":"follow","max-snippet":"max-snippet:-1","max-image-preview":"max-image-preview:large","max-video-preview":"max-video-preview:-1"},"canonical":"https:\/\/www.metrica-global.com\/cl\/politica-de-cookies\/","og_locale":"es_ES","og_type":"article","og_title":"Pol\u00edtica de cookies - METRICA","og_description":"Pol\u00edtica de cookies \u00bfQu\u00e9 son la cookies? Una cookie es un fichero que se descarga en tu ordenador al acceder a determinadas p\u00e1ginas web. Las cookies permiten a una p\u00e1gina web, entre otras cosas, almacenar informaci\u00f3n de car\u00e1cter t\u00e9cnico, preferencias personales, personalizaci\u00f3n de contenidos, estad\u00edsticas de uso, enlaces a redes sociales, acceso a cuentas de [&hellip;]","og_url":"https:\/\/www.metrica-global.com\/cl\/politica-de-cookies\/","og_site_name":"METRICA","article_modified_time":"2025-07-29T11:24:55+00:00","twitter_card":"summary_large_image","twitter_misc":{"Est. reading time":"5 minutes"},"schema":{"@context":"https:\/\/schema.org","@graph":[{"@type":"WebPage","@id":"https:\/\/www.metrica-global.com\/cl\/politica-de-cookies\/","url":"https:\/\/www.metrica-global.com\/cl\/politica-de-cookies\/","name":"Pol\u00edtica de cookies - METRICA","isPartOf":{"@id":"https:\/\/www.metrica-global.com\/#website"},"datePublished":"2023-12-14T10:15:22+00:00","dateModified":"2025-07-29T11:24:55+00:00","breadcrumb":{"@id":"https:\/\/www.metrica-global.com\/cl\/politica-de-cookies\/#breadcrumb"},"inLanguage":"es-CL","potentialAction":[{"@type":"ReadAction","target":["https:\/\/www.metrica-global.com\/cl\/politica-de-cookies\/"]}]},{"@type":"BreadcrumbList","@id":"https:\/\/www.metrica-global.com\/cl\/politica-de-cookies\/#breadcrumb","itemListElement":[{"@type":"ListItem","position":1,"name":"Portada","item":"https:\/\/www.metrica-global.com\/pt\/"},{"@type":"ListItem","position":2,"name":"Pol\u00edtica de cookies"}]},{"@type":"WebSite","@id":"https:\/\/www.metrica-global.com\/#website","url":"https:\/\/www.metrica-global.com\/","name":"METRICA","description":"Servicios Globales IT","publisher":{"@id":"https:\/\/www.metrica-global.com\/#organization"},"potentialAction":[{"@type":"SearchAction","target":{"@type":"EntryPoint","urlTemplate":"https:\/\/www.metrica-global.com\/?s={search_term_string}"},"query-input":{"@type":"PropertyValueSpecification","valueRequired":true,"valueName":"search_term_string"}}],"inLanguage":"es-CL"},{"@type":"Organization","@id":"https:\/\/www.metrica-global.com\/#organization","name":"METRICA","url":"https:\/\/www.metrica-global.com\/","logo":{"@type":"ImageObject","inLanguage":"es-CL","@id":"https:\/\/www.metrica-global.com\/#\/schema\/logo\/image\/","url":"https:\/\/www.metrica-global.com\/wp-content\/uploads\/2023\/12\/logo-metrica.png","contentUrl":"https:\/\/www.metrica-global.com\/wp-content\/uploads\/2023\/12\/logo-metrica.png","width":332,"height":58,"caption":"METRICA"},"image":{"@id":"https:\/\/www.metrica-global.com\/#\/schema\/logo\/image\/"}}]}},"_links":{"self":[{"href":"https:\/\/www.metrica-global.com\/cl\/wp-json\/wp\/v2\/pages\/5598","targetHints":{"allow":["GET"]}}],"collection":[{"href":"https:\/\/www.metrica-global.com\/cl\/wp-json\/wp\/v2\/pages"}],"about":[{"href":"https:\/\/www.metrica-global.com\/cl\/wp-json\/wp\/v2\/types\/page"}],"author":[{"embeddable":true,"href":"https:\/\/www.metrica-global.com\/cl\/wp-json\/wp\/v2\/users\/1"}],"replies":[{"embeddable":true,"href":"https:\/\/www.metrica-global.com\/cl\/wp-json\/wp\/v2\/comments?post=5598"}],"version-history":[{"count":8,"href":"https:\/\/www.metrica-global.com\/cl\/wp-json\/wp\/v2\/pages\/5598\/revisions"}],"predecessor-version":[{"id":12434,"href":"https:\/\/www.metrica-global.com\/cl\/wp-json\/wp\/v2\/pages\/5598\/revisions\/12434"}],"wp:attachment":[{"href":"https:\/\/www.metrica-global.com\/cl\/wp-json\/wp\/v2\/media?parent=5598"}],"curies":[{"name":"wp","href":"https:\/\/api.w.org\/{rel}","templated":true}]}}