{"id":6768,"date":"2023-12-14T11:15:22","date_gmt":"2023-12-14T10:15:22","guid":{"rendered":"https:\/\/www.metrica-global.com\/politica-de-cookies\/"},"modified":"2025-08-04T09:25:33","modified_gmt":"2025-08-04T07:25:33","slug":"politica-de-cookies","status":"publish","type":"page","link":"https:\/\/www.metrica-global.com\/pt\/politica-de-cookies\/","title":{"rendered":"Pol\u00edtica de cookies"},"content":{"rendered":"\t\t<div data-elementor-type=\"wp-page\" data-elementor-id=\"6768\" class=\"elementor elementor-6768 elementor-31\" data-elementor-post-type=\"page\">\n\t\t\t\t<div class=\"elementor-element elementor-element-17775db e-flex e-con-boxed e-con e-parent\" data-id=\"17775db\" data-element_type=\"container\">\n\t\t\t\t\t<div class=\"e-con-inner\">\n\t\t\t\t<div class=\"elementor-element elementor-element-0d4b601 elementor-widget elementor-widget-heading\" data-id=\"0d4b601\" data-element_type=\"widget\" data-widget_type=\"heading.default\">\n\t\t\t\t<div class=\"elementor-widget-container\">\n\t\t\t\t\t<h1 class=\"elementor-heading-title elementor-size-default\">Pol\u00edtica de cookies<\/h1>\t\t\t\t<\/div>\n\t\t\t\t<\/div>\n\t\t\t\t<div class=\"elementor-element elementor-element-d1029b7 elementor-widget elementor-widget-text-editor\" data-id=\"d1029b7\" data-element_type=\"widget\" data-widget_type=\"text-editor.default\">\n\t\t\t\t<div class=\"elementor-widget-container\">\n\t\t\t\t\t\t\t\t\t<h3 data-start=\"234\" data-end=\"255\">O que s\u00e3o cookies?<\/h3><p data-start=\"257\" data-end=\"623\">Um cookie \u00e9 um ficheiro que \u00e9 descarregado para o seu dispositivo ao aceder a determinadas p\u00e1ginas web. Os cookies permitem a uma p\u00e1gina web, entre outras coisas, armazenar e recuperar informa\u00e7\u00f5es sobre h\u00e1bitos de navega\u00e7\u00e3o, prefer\u00eancias pessoais, estat\u00edsticas de utiliza\u00e7\u00e3o, personaliza\u00e7\u00e3o de conte\u00fados, acesso a contas de utilizador, liga\u00e7\u00f5es a redes sociais, etc.<\/p><p data-start=\"625\" data-end=\"916\">O objetivo dos cookies \u00e9 adaptar o conte\u00fado da web ao perfil e \u00e0s necessidades do utilizador. A M\u00c9TRICA CONSULTING S.L. utiliza cookies pr\u00f3prios e de terceiros na sua p\u00e1gina para gerir sess\u00f5es de utilizadores registados, analisar visitas e tr\u00e1fego web, e melhorar a experi\u00eancia de navega\u00e7\u00e3o.<\/p><p data-start=\"625\" data-end=\"916\">\u00a0<\/p><h4 data-start=\"1000\" data-end=\"1023\"><span style=\"text-decoration: underline;\"><strong data-start=\"1003\" data-end=\"1023\">Cookies pr\u00f3prios<\/strong><\/span><\/h4><h5 data-start=\"1025\" data-end=\"1046\"><code data-start=\"1029\" data-end=\"1044\">wp-settings-*<\/code><\/h5><p data-start=\"1047\" data-end=\"1213\">Cookie utilizado pelo WordPress para armazenar as prefer\u00eancias do utilizador na \u00e1rea de administra\u00e7\u00e3o. Serve para personalizar a interface do painel de administra\u00e7\u00e3o.<\/p><h5 data-start=\"1215\" data-end=\"1247\"><code data-start=\"1219\" data-end=\"1245\">wp-wpml_current_language<\/code><\/h5><p data-start=\"1248\" data-end=\"1337\">Utilizado para recordar o idioma selecionado pelo utilizador durante a navega\u00e7\u00e3o no site.<\/p><h5 data-start=\"1339\" data-end=\"1368\"><code data-start=\"1343\" data-end=\"1366\">wordpress_logged_in_*<\/code><\/h5><p data-start=\"1369\" data-end=\"1477\">Indica quando o utilizador iniciou sess\u00e3o e com que conta, permitindo manter a sess\u00e3o ativa enquanto navega.<\/p><h5 data-start=\"1479\" data-end=\"1500\"><code data-start=\"1483\" data-end=\"1498\">ls_cache_vary<\/code><\/h5><p data-start=\"1501\" data-end=\"1618\">Cookie gerado pelo sistema de cache do site (LiteSpeed Cache) para melhorar o desempenho e os tempos de carregamento.<\/p><h5 data-start=\"1620\" data-end=\"1645\"><code data-start=\"1624\" data-end=\"1643\">cookieyes-consent<\/code><\/h5><p data-start=\"1646\" data-end=\"1801\">Cookie t\u00e9cnico que armazena as prefer\u00eancias de consentimento do utilizador relativamente ao uso de cookies.<\/p><p data-start=\"1646\" data-end=\"1801\">\u00a0<\/p><h4 data-start=\"1808\" data-end=\"1835\"><span style=\"text-decoration: underline;\"><strong data-start=\"1811\" data-end=\"1835\">Cookies de terceiros<\/strong><\/span><\/h4><h5 data-start=\"1842\" data-end=\"1860\"><strong data-start=\"1846\" data-end=\"1860\">Cloudflare (<\/strong><code data-start=\"1867\" data-end=\"1875\">_cf_bm)<\/code><\/h5><p data-start=\"1878\" data-end=\"2108\">Este cookie \u00e9 utilizado pela Cloudflare para identificar tr\u00e1fego automatizado (bots) e proteger o site contra ataques.<\/p><h5 data-start=\"2115\" data-end=\"2141\"><strong data-start=\"2119\" data-end=\"2141\">Google Analytics 4 (<\/strong><code data-start=\"2148\" data-end=\"2153\">_ga<\/code>, <code data-start=\"2155\" data-end=\"2162\">_ga_X)<\/code><\/h5><p data-start=\"2165\" data-end=\"2435\">Estes cookies s\u00e3o usados para distinguir utilizadores e recolher dados estat\u00edsticos an\u00f3nimos sobre a utiliza\u00e7\u00e3o do site, como n\u00famero de visitas, dura\u00e7\u00e3o da sess\u00e3o, p\u00e1ginas visualizadas, etc.<\/p><h5 data-start=\"2442\" data-end=\"2470\"><strong data-start=\"2446\" data-end=\"2470\">Google Ads \/ AdSense (<\/strong><code data-start=\"2477\" data-end=\"2486\">_gcl_au)<\/code><\/h5><p data-start=\"2489\" data-end=\"2683\">Cookie utilizado pelo Google AdSense para testar a efic\u00e1cia da publicidade em sites que utilizam os seus servi\u00e7os.<\/p><h5 data-start=\"2685\" data-end=\"2706\"><strong><code data-start=\"2690\" data-end=\"2696\">FPAU<\/code>, <code data-start=\"2698\" data-end=\"2704\">FPID<\/code><\/strong><\/h5><p data-start=\"2707\" data-end=\"2904\">Cookies utilizados pelo Google Ads para atribuir identificadores \u00fanicos aos utilizadores e seguir convers\u00f5es publicit\u00e1rias.<\/p><h5 data-start=\"2911\" data-end=\"2927\"><strong data-start=\"2915\" data-end=\"2927\">Facebook (<\/strong><code data-start=\"2934\" data-end=\"2940\">_fbp)<\/code><\/h5><p data-start=\"2943\" data-end=\"3134\">Utilizado pelo Facebook para fornecer uma s\u00e9rie de produtos publicit\u00e1rios, como leil\u00f5es em tempo real de terceiros anunciantes.<br data-start=\"3070\" data-end=\"3073\" \/><a class=\"\" href=\"https:\/\/www.facebook.com\/policies\/cookies\/\" target=\"_new\" rel=\"noopener\" data-start=\"3073\" data-end=\"3134\">Mais informa\u00e7\u00e3o<\/a><\/p><h5 data-start=\"3141\" data-end=\"3156\"><strong data-start=\"3145\" data-end=\"3156\">HubSpot (<\/strong><code data-start=\"3163\" data-end=\"3171\">__hssc<\/code>, <code data-start=\"3173\" data-end=\"3182\">__hssrc<\/code>, <code data-start=\"3184\" data-end=\"3192\">__hstc<\/code>, <code data-start=\"3194\" data-end=\"3206\">hubspotutk)<\/code><\/h5><p data-start=\"3209\" data-end=\"3513\">Cookies utilizados pelo HubSpot para an\u00e1lise do comportamento dos utilizadores, gest\u00e3o de sess\u00f5es e rastreio de visitantes. Ajudam a melhorar o desempenho do site e a oferecer uma experi\u00eancia personalizada.<\/p><h5 data-start=\"3515\" data-end=\"3544\"><strong><code data-start=\"3520\" data-end=\"3542\">__hs_cookie_cat_pref<\/code><\/strong><\/h5><p data-start=\"3545\" data-end=\"3720\">Regista as prefer\u00eancias do utilizador sobre as categorias de cookies aceites.<\/p><p data-start=\"3545\" data-end=\"3720\">\u00a0<\/p><p data-start=\"3545\" data-end=\"3720\">\u00a0<\/p><p data-start=\"3727\" data-end=\"4000\">Os cookies permitem-lhe usufruir de muitas das funcionalidades essenciais do nosso site. Por esse motivo, existem determinados cookies que n\u00e3o poder\u00e1 eliminar se pretender realizar certas a\u00e7\u00f5es ou se quiser que a M\u00c9TRICA CONSULTING S.L. lhe preste um servi\u00e7o espec\u00edfico.<\/p><p data-start=\"3727\" data-end=\"4000\">\u00a0<\/p><h4 data-start=\"4007\" data-end=\"4043\">Revoga\u00e7\u00e3o e elimina\u00e7\u00e3o de cookies<\/h4><p data-start=\"4045\" data-end=\"4351\">Pode permitir, bloquear ou eliminar os cookies instalados no seu dispositivo atrav\u00e9s das defini\u00e7\u00f5es do navegador instalado no seu computador. Caso n\u00e3o permita a instala\u00e7\u00e3o de cookies no seu navegador, poder\u00e1 n\u00e3o conseguir aceder a algumas sec\u00e7\u00f5es do nosso site ou usufruir de todas as suas funcionalidades.<\/p><p data-start=\"4353\" data-end=\"4525\">A desativa\u00e7\u00e3o e\/ou elimina\u00e7\u00e3o de cookies varia consoante o navegador utilizado. Para mais informa\u00e7\u00f5es sobre como bloquear o uso de cookies, pode visitar os seguintes links:<\/p><ul data-start=\"4527\" data-end=\"5182\"><li data-start=\"4527\" data-end=\"4731\"><p data-start=\"4529\" data-end=\"4731\"><strong data-start=\"4529\" data-end=\"4550\">Internet Explorer<\/strong>: Ferramentas \u2192 Op\u00e7\u00f5es da Internet \u2192 Privacidade \u2192 Defini\u00e7\u00f5es<br data-start=\"4611\" data-end=\"4614\" \/><a class=\"cursor-pointer\" target=\"_new\" rel=\"noopener\" data-start=\"4616\" data-end=\"4731\">Suporte Microsoft<\/a><\/p><\/li><li data-start=\"4733\" data-end=\"4898\"><p data-start=\"4735\" data-end=\"4898\"><strong data-start=\"4735\" data-end=\"4746\">Firefox<\/strong>: Prefer\u00eancias \u2192 Privacidade e Seguran\u00e7a \u2192 Cookies e dados de sites<br data-start=\"4813\" data-end=\"4816\" \/><a class=\"cursor-pointer\" target=\"_new\" rel=\"noopener\" data-start=\"4818\" data-end=\"4898\">Suporte Mozilla<\/a><\/p><\/li><li data-start=\"4900\" data-end=\"5060\"><p data-start=\"4902\" data-end=\"5060\"><strong data-start=\"4902\" data-end=\"4912\">Chrome<\/strong>: Defini\u00e7\u00f5es \u2192 Privacidade e seguran\u00e7a \u2192 Cookies e outros dados dos sites<br data-start=\"4985\" data-end=\"4988\" \/><a class=\"cursor-pointer\" target=\"_new\" rel=\"noopener\" data-start=\"4990\" data-end=\"5060\">Suporte Google<\/a><\/p><\/li><li data-start=\"5062\" data-end=\"5182\"><p data-start=\"5064\" data-end=\"5182\"><strong data-start=\"5064\" data-end=\"5074\">Safari<\/strong>: Prefer\u00eancias \u2192 Privacidade<br data-start=\"5102\" data-end=\"5105\" \/><a class=\"cursor-pointer\" target=\"_new\" rel=\"noopener\" data-start=\"5107\" data-end=\"5182\">Suporte Apple<\/a><\/p><\/li><\/ul><p data-start=\"5184\" data-end=\"5433\">Para configurar os cookies no navegador para dispositivos Android, siga estes passos (podem variar consoante a vers\u00e3o do navegador):<br data-start=\"5316\" data-end=\"5319\" \/>Abra o navegador \u2192 Toque em &#8220;Menu&#8221; \u2192 Defini\u00e7\u00f5es \u2192 Seguran\u00e7a e Privacidade \u2192 Ativar ou desativar &#8220;Aceitar cookies&#8221;.<\/p><p data-start=\"5435\" data-end=\"5602\">Para configurar os cookies no navegador para dispositivos Windows Phone:<br data-start=\"5507\" data-end=\"5510\" \/>Abra o Internet Explorer \u2192 Mais \u2192 Defini\u00e7\u00f5es \u2192 Ative ou desative a op\u00e7\u00e3o &#8220;Permitir cookies&#8221;.<\/p><p data-start=\"5435\" data-end=\"5602\">\u00a0<\/p><h4 data-start=\"5609\" data-end=\"5670\">Altera\u00e7\u00f5es nas pol\u00edticas de prote\u00e7\u00e3o de dados e de cookies<\/h4><p data-start=\"5672\" data-end=\"5925\">Sempre que ocorram altera\u00e7\u00f5es significativas nesta Pol\u00edtica de Cookies, ser\u00e1 comunicado ao utilizador atrav\u00e9s de um aviso no site. Se desejar mais informa\u00e7\u00f5es sobre a utiliza\u00e7\u00e3o que fazemos dos cookies, pode enviar um e-mail para <strong data-start=\"5902\" data-end=\"5925\"><a class=\"cursor-pointer\" rel=\"noopener\" data-start=\"5904\" data-end=\"5923\">rrhh@www.metrica.es<\/a><\/strong><\/p>\t\t\t\t\t\t\t\t<\/div>\n\t\t\t\t<\/div>\n\t\t\t\t\t<\/div>\n\t\t\t\t<\/div>\n\t\t\t\t<\/div>\n\t\t","protected":false},"excerpt":{"rendered":"<p>Pol\u00edtica de cookies O que s\u00e3o cookies? Um cookie \u00e9 um ficheiro que \u00e9 descarregado para o seu dispositivo ao aceder a determinadas p\u00e1ginas web. Os cookies permitem a uma p\u00e1gina web, entre outras coisas, armazenar e recuperar informa\u00e7\u00f5es sobre h\u00e1bitos de navega\u00e7\u00e3o, prefer\u00eancias pessoais, estat\u00edsticas de utiliza\u00e7\u00e3o, personaliza\u00e7\u00e3o de conte\u00fados, acesso a contas de [&hellip;]<\/p>\n","protected":false},"author":1,"featured_media":0,"parent":0,"menu_order":0,"comment_status":"closed","ping_status":"closed","template":"elementor_header_footer","meta":{"content-type":"","footnotes":""},"class_list":["post-6768","page","type-page","status-publish","hentry"],"yoast_head":"<!-- This site is optimized with the Yoast SEO plugin v25.9 - https:\/\/yoast.com\/wordpress\/plugins\/seo\/ -->\n<title>Pol\u00edtica de cookies - METRICA<\/title>\n<meta name=\"robots\" content=\"index, follow, max-snippet:-1, max-image-preview:large, max-video-preview:-1\" \/>\n<link rel=\"canonical\" href=\"https:\/\/www.metrica-global.com\/politica-de-cookies\/\" \/>\n<meta property=\"og:locale\" content=\"pt_PT\" \/>\n<meta property=\"og:type\" content=\"article\" \/>\n<meta property=\"og:title\" content=\"Pol\u00edtica de cookies - METRICA\" \/>\n<meta property=\"og:description\" content=\"Pol\u00edtica de cookies O que s\u00e3o cookies? Um cookie \u00e9 um ficheiro que \u00e9 descarregado para o seu dispositivo ao aceder a determinadas p\u00e1ginas web. Os cookies permitem a uma p\u00e1gina web, entre outras coisas, armazenar e recuperar informa\u00e7\u00f5es sobre h\u00e1bitos de navega\u00e7\u00e3o, prefer\u00eancias pessoais, estat\u00edsticas de utiliza\u00e7\u00e3o, personaliza\u00e7\u00e3o de conte\u00fados, acesso a contas de [&hellip;]\" \/>\n<meta property=\"og:url\" content=\"https:\/\/www.metrica-global.com\/politica-de-cookies\/\" \/>\n<meta property=\"og:site_name\" content=\"METRICA\" \/>\n<meta property=\"article:modified_time\" content=\"2025-08-04T07:25:33+00:00\" \/>\n<meta name=\"twitter:card\" content=\"summary_large_image\" \/>\n<meta name=\"twitter:label1\" content=\"Est. reading time\" \/>\n\t<meta name=\"twitter:data1\" content=\"4 minutos\" \/>\n<script type=\"application\/ld+json\" class=\"yoast-schema-graph\">{\"@context\":\"https:\/\/schema.org\",\"@graph\":[{\"@type\":\"WebPage\",\"@id\":\"https:\/\/www.metrica-global.com\/politica-de-cookies\/\",\"url\":\"https:\/\/www.metrica-global.com\/politica-de-cookies\/\",\"name\":\"Pol\u00edtica de cookies - METRICA\",\"isPartOf\":{\"@id\":\"https:\/\/www.metrica-global.com\/#website\"},\"datePublished\":\"2023-12-14T10:15:22+00:00\",\"dateModified\":\"2025-08-04T07:25:33+00:00\",\"breadcrumb\":{\"@id\":\"https:\/\/www.metrica-global.com\/politica-de-cookies\/#breadcrumb\"},\"inLanguage\":\"pt-PT\",\"potentialAction\":[{\"@type\":\"ReadAction\",\"target\":[\"https:\/\/www.metrica-global.com\/politica-de-cookies\/\"]}]},{\"@type\":\"BreadcrumbList\",\"@id\":\"https:\/\/www.metrica-global.com\/politica-de-cookies\/#breadcrumb\",\"itemListElement\":[{\"@type\":\"ListItem\",\"position\":1,\"name\":\"Portada\",\"item\":\"https:\/\/www.metrica-global.com\/pt\/\"},{\"@type\":\"ListItem\",\"position\":2,\"name\":\"Pol\u00edtica de cookies\"}]},{\"@type\":\"WebSite\",\"@id\":\"https:\/\/www.metrica-global.com\/#website\",\"url\":\"https:\/\/www.metrica-global.com\/\",\"name\":\"METRICA\",\"description\":\"Servicios Globales IT\",\"publisher\":{\"@id\":\"https:\/\/www.metrica-global.com\/#organization\"},\"potentialAction\":[{\"@type\":\"SearchAction\",\"target\":{\"@type\":\"EntryPoint\",\"urlTemplate\":\"https:\/\/www.metrica-global.com\/?s={search_term_string}\"},\"query-input\":{\"@type\":\"PropertyValueSpecification\",\"valueRequired\":true,\"valueName\":\"search_term_string\"}}],\"inLanguage\":\"pt-PT\"},{\"@type\":\"Organization\",\"@id\":\"https:\/\/www.metrica-global.com\/#organization\",\"name\":\"METRICA\",\"url\":\"https:\/\/www.metrica-global.com\/\",\"logo\":{\"@type\":\"ImageObject\",\"inLanguage\":\"pt-PT\",\"@id\":\"https:\/\/www.metrica-global.com\/#\/schema\/logo\/image\/\",\"url\":\"https:\/\/www.metrica-global.com\/wp-content\/uploads\/2023\/12\/logo-metrica.png\",\"contentUrl\":\"https:\/\/www.metrica-global.com\/wp-content\/uploads\/2023\/12\/logo-metrica.png\",\"width\":332,\"height\":58,\"caption\":\"METRICA\"},\"image\":{\"@id\":\"https:\/\/www.metrica-global.com\/#\/schema\/logo\/image\/\"}}]}<\/script>\n<!-- \/ Yoast SEO plugin. -->","yoast_head_json":{"title":"Pol\u00edtica de cookies - METRICA","robots":{"index":"index","follow":"follow","max-snippet":"max-snippet:-1","max-image-preview":"max-image-preview:large","max-video-preview":"max-video-preview:-1"},"canonical":"https:\/\/www.metrica-global.com\/politica-de-cookies\/","og_locale":"pt_PT","og_type":"article","og_title":"Pol\u00edtica de cookies - METRICA","og_description":"Pol\u00edtica de cookies O que s\u00e3o cookies? Um cookie \u00e9 um ficheiro que \u00e9 descarregado para o seu dispositivo ao aceder a determinadas p\u00e1ginas web. Os cookies permitem a uma p\u00e1gina web, entre outras coisas, armazenar e recuperar informa\u00e7\u00f5es sobre h\u00e1bitos de navega\u00e7\u00e3o, prefer\u00eancias pessoais, estat\u00edsticas de utiliza\u00e7\u00e3o, personaliza\u00e7\u00e3o de conte\u00fados, acesso a contas de [&hellip;]","og_url":"https:\/\/www.metrica-global.com\/politica-de-cookies\/","og_site_name":"METRICA","article_modified_time":"2025-08-04T07:25:33+00:00","twitter_card":"summary_large_image","twitter_misc":{"Est. reading time":"4 minutos"},"schema":{"@context":"https:\/\/schema.org","@graph":[{"@type":"WebPage","@id":"https:\/\/www.metrica-global.com\/politica-de-cookies\/","url":"https:\/\/www.metrica-global.com\/politica-de-cookies\/","name":"Pol\u00edtica de cookies - METRICA","isPartOf":{"@id":"https:\/\/www.metrica-global.com\/#website"},"datePublished":"2023-12-14T10:15:22+00:00","dateModified":"2025-08-04T07:25:33+00:00","breadcrumb":{"@id":"https:\/\/www.metrica-global.com\/politica-de-cookies\/#breadcrumb"},"inLanguage":"pt-PT","potentialAction":[{"@type":"ReadAction","target":["https:\/\/www.metrica-global.com\/politica-de-cookies\/"]}]},{"@type":"BreadcrumbList","@id":"https:\/\/www.metrica-global.com\/politica-de-cookies\/#breadcrumb","itemListElement":[{"@type":"ListItem","position":1,"name":"Portada","item":"https:\/\/www.metrica-global.com\/pt\/"},{"@type":"ListItem","position":2,"name":"Pol\u00edtica de cookies"}]},{"@type":"WebSite","@id":"https:\/\/www.metrica-global.com\/#website","url":"https:\/\/www.metrica-global.com\/","name":"METRICA","description":"Servicios Globales IT","publisher":{"@id":"https:\/\/www.metrica-global.com\/#organization"},"potentialAction":[{"@type":"SearchAction","target":{"@type":"EntryPoint","urlTemplate":"https:\/\/www.metrica-global.com\/?s={search_term_string}"},"query-input":{"@type":"PropertyValueSpecification","valueRequired":true,"valueName":"search_term_string"}}],"inLanguage":"pt-PT"},{"@type":"Organization","@id":"https:\/\/www.metrica-global.com\/#organization","name":"METRICA","url":"https:\/\/www.metrica-global.com\/","logo":{"@type":"ImageObject","inLanguage":"pt-PT","@id":"https:\/\/www.metrica-global.com\/#\/schema\/logo\/image\/","url":"https:\/\/www.metrica-global.com\/wp-content\/uploads\/2023\/12\/logo-metrica.png","contentUrl":"https:\/\/www.metrica-global.com\/wp-content\/uploads\/2023\/12\/logo-metrica.png","width":332,"height":58,"caption":"METRICA"},"image":{"@id":"https:\/\/www.metrica-global.com\/#\/schema\/logo\/image\/"}}]}},"_links":{"self":[{"href":"https:\/\/www.metrica-global.com\/pt\/wp-json\/wp\/v2\/pages\/6768","targetHints":{"allow":["GET"]}}],"collection":[{"href":"https:\/\/www.metrica-global.com\/pt\/wp-json\/wp\/v2\/pages"}],"about":[{"href":"https:\/\/www.metrica-global.com\/pt\/wp-json\/wp\/v2\/types\/page"}],"author":[{"embeddable":true,"href":"https:\/\/www.metrica-global.com\/pt\/wp-json\/wp\/v2\/users\/1"}],"replies":[{"embeddable":true,"href":"https:\/\/www.metrica-global.com\/pt\/wp-json\/wp\/v2\/comments?post=6768"}],"version-history":[{"count":8,"href":"https:\/\/www.metrica-global.com\/pt\/wp-json\/wp\/v2\/pages\/6768\/revisions"}],"predecessor-version":[{"id":12683,"href":"https:\/\/www.metrica-global.com\/pt\/wp-json\/wp\/v2\/pages\/6768\/revisions\/12683"}],"wp:attachment":[{"href":"https:\/\/www.metrica-global.com\/pt\/wp-json\/wp\/v2\/media?parent=6768"}],"curies":[{"name":"wp","href":"https:\/\/api.w.org\/{rel}","templated":true}]}}